{"id":3,"date":"2021-11-02T09:21:57","date_gmt":"2021-11-02T09:21:57","guid":{"rendered":"http:\/\/test.mooseinc.eu\/?page_id=3"},"modified":"2022-02-08T17:37:30","modified_gmt":"2022-02-08T17:37:30","slug":"privacy-policy","status":"publish","type":"page","link":"https:\/\/molecular.com.pl\/?page_id=3","title":{"rendered":"REGULAMIN KORZYSTANIA Z APLIKACJI MOLECULAR"},"content":{"rendered":"\n<h2 class=\"wp-block-heading\" id=\"i-definicje\">I. DEFINICJE<\/h2>\n\n\n\n<p>U\u017cyte w niniejszym Regulaminie okre\u015blenia posiadaj\u0105 nast\u0119puj\u0105ce znaczenia:<\/p>\n\n\n\n<ol class=\"wp-block-list\"><li>Aplikacja \u2013 program przeznaczony na urz\u0105dzenia mobilne z systemem operacyjnym Android i IOS, stanowi\u0105cy utw\u00f3r w rozumieniu ustawy z dnia 4 lutego 1994 r. o prawie autorskim i prawach pokrewnych (t.j. Dz. U. 2006 r. Nr 90, poz. 631, z p\u00f3\u017an. zm.)<\/li><li>Konto \u2013 dost\u0119pne dla danego U\u017cytkownika miejsce w aplikacji, za po\u015brednictwem kt\u00f3rego U\u017cytkownik wprowadza i zarz\u0105dza danymi i innymi elementami zwi\u0105zanymi z korzystaniem z Aplikacji.<\/li><li>Operator \u2013 Owl Iot Sp. z o.o. z siedzib\u0105 w Bia\u0142ymstoku. (Polska) przy ul. Elizy Orzeszkowej 17, 15-084 Bia\u0142ystok, NIP 5423366863 , zarejestrowana w rejestrze przedsi\u0119biorc\u00f3w Krajowego Rejestru S\u0105dowego XII Wydzia\u0142 Gospodarczy KRS S\u0105du Rejonowego w Bia\u0142ymstoku pod numerem 0000794104, b\u0119d\u0105ca w\u0142a\u015bcicielem Aplikacji i us\u0142ugodawc\u0105 us\u0142ug \u015bwiadczonych za po\u015brednictwem Aplikacji.<\/li><li>U\u017cytkownik \u2013 osoba korzystaj\u0105ca z Aplikacji zgodnie z niniejszym Regulaminem.<\/li><\/ol>\n\n\n\n<h2 class=\"wp-block-heading\" id=\"ii-postanowienia-ogolne\">II. POSTANOWIENIA OG\u00d3LNE<\/h2>\n\n\n\n<ol class=\"wp-block-list\"><li>Niniejszy Regulamin (dalej: \u201eRegulamin\u201d) okre\u015bla zasady i warunki korzystania z Aplikacji Molecular i stanowi regulamin w rozumieniu art. 8 ustawy z dnia 18 lipca 2002r. o \u015bwiadczeniu us\u0142ug drog\u0105 elektroniczn\u0105 (t.j. Dz. U. 2013 r., poz. 1422).<\/li><li>Korzystanie z Aplikacji uzale\u017cnione jest od akceptacji przez U\u017cytkownika postanowie\u0144 Regulaminu.<\/li><li>Operator dostarcza U\u017cytkownikowi Aplikacj\u0119 i zapewnia mu mo\u017cliwo\u015b\u0107 korzystania z Us\u0142ug \u015bwiadczonych za po\u015brednictwem Aplikacji.<\/li><li>Us\u0142ugi \u015bwiadczone za po\u015brednictwem Aplikacji polegaj\u0105 w szczeg\u00f3lno\u015bci na mo\u017cliwo\u015bci wykonywania przy pomocy urz\u0105dze\u0144 mobilnych fotografii znamion znajduj\u0105cych si\u0119 na ciele U\u017cytkownika oraz dokonywaniu przez Operatora przy pomocy modu\u0142u sztucznej inteligencji analizy zmian zachodz\u0105cych w obr\u0119bie tych znamion, przy czym dla dokonania analizy zmian niezb\u0119dne jest wykonanie za po\u015brednictwem Aplikacji co najmniej jednej fotografii i przes\u0142ania jej do analizy..<\/li><li>W celu dokonania analizy zgodnie z postanowieniami powy\u017cszymi U\u017cytkownik mo\u017ce poda\u0107 Operatorowi dane dotycz\u0105ce U\u017cytkownika w zakresie trybu \u017cycia (np. informacji o przebywaniu na zewn\u0105trz), odcienia sk\u00f3ry oraz ewentualnej historii choroby w przypadku wcze\u015bniejszego leczenia znamion, kt\u00f3rych fotografie wykonano za po\u015brednictwem Aplikacji. W\/w dane przechowywane s\u0105 anonimowo i nie s\u0105 przypisane do konkretnej osoby fizycznej.<\/li><li>W wyniku dokonania analizy zgodnie z postanowieniami powy\u017cszymi, Operator informuje U\u017cytkownika, i\u017c w obr\u0119bie fotografowanego znamienia zasz\u0142y zmiany Informacje przekazane U\u017cytkownikowi w wyniku dokonania analizy przes\u0142anych przez niego za po\u015brednictwem Aplikacji fotografii mog\u0105 nie opisywa\u0107 w pe\u0142ni miarodajnie stanu faktycznego, maj\u0105 tylko i wy\u0142\u0105cznie charakter pomocniczy i nie s\u0105 w \u017cadnej mierze substytutem terapii, kt\u00f3ra powinna by\u0107 prowadzona zgodnie z zaleceniami lekarzy. Operator nie ponosi odpowiedzialno\u015bci za jakiekolwiek skutki wywo\u0142ane korzystaniem z us\u0142ug Operatora niezgodnie z zapisami niniejszego Regulaminu.<\/li><li>Us\u0142ugi, o kt\u00f3rych mowa w pkt. II ust. 4 s\u0105 \u015bwiadczone bezp\u0142atnie. W przypadku wprowadzenia do oferty Operatora \u015bwiadczenia us\u0142ug o charakterze p\u0142atnym, U\u017cytkownicy zostan\u0105 powiadomieni o wszelkich istotnych warunkach ich \u015bwiadczenia. Aplikacj\u0119 Molecular mo\u017cna pobra\u0107 korzystaj\u0105c z serwisu Google Play oraz Apple App Store<\/li><li>Pobranie Aplikacji z Serwisu jest bezp\u0142atne.<\/li><li>Koszty transmisji danych niezb\u0119dnych do pobrania, instalacji, uruchomienia i korzystania z Aplikacji pokrywaj\u0105 ich U\u017cytkownicy we w\u0142asnym zakresie. Za wysoko\u015b\u0107 op\u0142at naliczanych z tytu\u0142u wykorzystania transmisji danych niezb\u0119dnych do korzystania z Aplikacji Operator nie ponosi odpowiedzialno\u015bci.<\/li><\/ol>\n\n\n\n<h2 class=\"wp-block-heading\" id=\"iii-zasady-i-warunki-korzystania-z-aplikacji\">III. ZASADY I WARUNKI KORZYSTANIA Z APLIKACJI<\/h2>\n\n\n\n<ol class=\"wp-block-list\"><li>Aplikacja dost\u0119pna jest dla wszystkich u\u017cytkownik\u00f3w urz\u0105dze\u0144 mobilnych wyposa\u017conych system operacyjny Android i IOS, przy czym mo\u017cliwe jest wy\u0142\u0105cznie powi\u0105zanie jednego Konta z jednym urz\u0105dzeniem mobilnym.<\/li><li>U\u017cytkownicy zobowi\u0105zani s\u0105 do korzystania z Aplikacji w spos\u00f3b zgodny z obowi\u0105zuj\u0105cym prawem oraz Regulaminem, w tym z zasadami korzystania z sieci Internet, w szczeg\u00f3lno\u015bci w spos\u00f3b niezak\u0142\u00f3caj\u0105cy dzia\u0142ania Aplikacji i us\u0142ug \u015bwiadczonych za ich po\u015brednictwem oraz w spos\u00f3b nieuci\u0105\u017cliwy dla Operatora, Serwisu oraz ewentualnie pozosta\u0142ych U\u017cytkownik\u00f3w.<\/li><li>Dostarczanie przez U\u017cytkownika za po\u015brednictwem Aplikacji tre\u015bci o charakterze sprzecznym z przepisami prawa jest zabronione.<\/li><li>Korzystanie z Aplikacji jest dobrowolne. U\u017cytkownik mo\u017ce w ka\u017cdym czasie odinstalowa\u0107 Aplikacj\u0119 ze swojego urz\u0105dzenia. Odinstalowanie Aplikacji nie oznacza wyga\u015bni\u0119cia uprawnie\u0144 do korzystania z Aplikacji w okresie p\u00f3\u017aniejszym.<\/li><li>W przypadku naruszenia przez U\u017cytkownika obowi\u0105zuj\u0105cych przepis\u00f3w prawa lub postanowie\u0144 Regulaminu, Operator uprawniony jest do podj\u0119cia wszelkich dozwolonych \u015brodk\u00f3w prawnych, w tym ograniczaj\u0105cych U\u017cytkownikowi mo\u017cliwo\u015b\u0107 korzystania z Aplikacji i us\u0142ugi \u015bwiadczonej za jej po\u015brednictwem.<\/li><\/ol>\n\n\n\n<h2 class=\"wp-block-heading\" id=\"iv-prawa-autorskie\">IV. PRAWA AUTORSKIE<\/h2>\n\n\n\n<ol class=\"wp-block-list\"><li>Aplikacje oraz wszelkie zawarte w nich materia\u0142y i informacje, w szczeg\u00f3lno\u015bci uk\u0142ad prezentowanych w ramach Aplikacji tre\u015bci, znaki towarowe, elementy graficzne, logotypy, kod \u017ar\u00f3d\u0142owy stanowi\u0105 przedmiot praw autorskich Operatora lub podmiot\u00f3w trzecich, wsp\u00f3\u0142pracuj\u0105cych z Operatorem.<\/li><li>Z chwil\u0105 pobrania Aplikacji Operator udziela U\u017cytkownikowi bezp\u0142atnej, niewy\u0142\u0105cznej<br>licencji na niekomercyjne korzystanie z Aplikacji na warunkach okre\u015blonych w Regulaminie.<\/li><li>W ramach udzielonej licencji U\u017cytkownik nie ma prawa udzielania sublicencji podmiotom trzecim.<\/li><li>U\u017cytkownik nie ma prawa bez zgody Operatora utrwala\u0107 i zwielokrotnia\u0107 Aplikacji w jakikolwiek spos\u00f3b, wprowadza\u0107 jej do obrotu, u\u017cycza\u0107 lub wynajmowa\u0107, publicznie udost\u0119pnia\u0107 Aplikacje w jakikolwiek spos\u00f3b, w szczeg\u00f3lno\u015bci w sieciach teleinformatycznych, za wyj\u0105tkiem prawnie dozwolonego u\u017cytku.<\/li><\/ol>\n\n\n\n<h2 class=\"wp-block-heading\" id=\"v-odpowiedzialnosc-operatora-i-postepowaniereklamacyjne\">V. ODPOWIEDZIALNO\u015a\u0106 OPERATORA I POST\u0118POWANIE<br>REKLAMACYJNE<\/h2>\n\n\n\n<ol class=\"wp-block-list\"><li>Operator prowadzi nadz\u00f3r techniczny nad funkcjonowaniem Aplikacji, utrzymuj\u0105c jej poprawne funkcjonowanie, przyjmuj\u0105c zg\u0142oszenia od ich U\u017cytkownik\u00f3w, naprawiaj\u0105c niedoskona\u0142o\u015bci Aplikacji oraz podejmuj\u0105c dzia\u0142ania maj\u0105ce na celu popraw\u0119 funkcjonowania Aplikacji.<\/li><li>Operator nie gwarantuje sta\u0142ego poprawnego funkcjonowania Aplikacji oraz bezb\u0142\u0119dnego jej dzia\u0142ania. Jednak\u017ce Operator dok\u0142ada nale\u017cytej staranno\u015bci celem umo\u017cliwienia sprawnego dzia\u0142ania Aplikacji.<\/li><li>Operator ponosi odpowiedzialno\u015b\u0107 tylko za zawinione dzia\u0142anie lub zaniechanie. W szczeg\u00f3lno\u015bci Operator nie ponosi odpowiedzialno\u015bci za us\u0142ugi lub inne aplikacje i serwisy internetowe, kt\u00f3rych dostawc\u0105 s\u0105 osoby trzecie, a tak\u017ce za ograniczenia lub problemy techniczne w systemach teleinformatycznych, z kt\u00f3rych U\u017cytkownik korzysta w celu korzystania z Aplikacji.<\/li><li>Zak\u0142\u00f3cenia w funkcjonowaniu Aplikacji mog\u0105 by\u0107 reklamowane przez U\u017cytkownik\u00f3w poprzez zg\u0142aszanie dysfunkcji Operatorowi za po\u015brednictwem poczty email, wysy\u0142aj\u0105c wiadomo\u015b\u0107 na adres contact@owliot.eu.<\/li><li>Zg\u0142oszenia reklamacyjne b\u0119d\u0105 na bie\u017c\u0105co rozpatrywane przez zesp\u00f3\u0142 obs\u0142ugi Operatora w terminie nie d\u0142u\u017cszym ni\u017c 14 dni od zg\u0142oszenia reklamacji, jednak Operator zastrzega sobie prawo pozostawienia reklamacji bez odpowiedzi, je\u017celi dotyczy ona dysfunkcji wynikaj\u0105cych z nieznajomo\u015bci Regulaminu, b\u0105d\u017a niezastosowania si\u0119 przez U\u017cytkownika do wskaz\u00f3wek udzielanych U\u017cytkownikom na bie\u017c\u0105co za po\u015brednictwem Serwisu lub bezpo\u015brednio przez Operatora.<\/li><li>Operator zastrzega sobie prawo do ingerencji w struktur\u0119 techniczn\u0105 Konta U\u017cytkownika, w celu zdiagnozowania nieprawid\u0142owo\u015bci w funkcjonowaniu us\u0142ug Aplikacji, a tak\u017ce mo\u017ce dokonywa\u0107 zmian i w ka\u017cdy inny spos\u00f3b oddzia\u0142ywa\u0107 na stron\u0119 techniczn\u0105 Konta, w celu jego modyfikacji lub przywr\u00f3cenia prawid\u0142owego dzia\u0142ania samego Konta lub Aplikacji.<\/li><\/ol>\n\n\n\n<h2 class=\"wp-block-heading\" id=\"vi-rozwiazanie-umowy\">VI. ROZWI\u0104ZANIE UMOWY<\/h2>\n\n\n\n<ol class=\"wp-block-list\"><li>U\u017cytkownik mo\u017ce w ka\u017cdej chwili zako\u0144czy\u0107 korzystanie z us\u0142ug \u015bwiadczonych za po\u015brednictwem Aplikacji. Rezygnacja U\u017cytkownika z korzystania ze \u015bwiadczonych przez Operatora us\u0142ug dokonywana jest poprzez zaprzestania wykupowania abonament\u00f3w lub jednorazowych analiz. W celu usuni\u0119cia konta z systemu nalezy wys\u0142a\u0107 wiadomo\u015b\u0107 e-mail ze stosow\u0105 pro\u015bb\u0105 do Operatora na adres contact@owliot.eu.<\/li><\/ol>\n\n\n\n<h2 class=\"wp-block-heading\" id=\"vii-postanowienia-koncowe\">VII. POSTANOWIENIA KO\u0143COWE<\/h2>\n\n\n\n<ol class=\"wp-block-list\"><li>W zwi\u0105zku z dzia\u0142aniem Aplikacji, Operator nie przetwarza danych osobowych w rozumieniu przepis\u00f3w o ochronie danych osobowych. <\/li><li>Operator posiada swoj\u0105 siedzib\u0119 w Polsce. Serwis dzia\u0142a na podstawie przepis\u00f3w prawa powszechnie obowi\u0105zuj\u0105cego w Polsce.<\/li><li>Operator zastrzega prawo zmiany Regulaminu. O zmianie Regulaminu U\u017cytkownik zostanie powiadomiony poprzez zamieszczenie stosownego komunikatu w Aplikacji.<\/li><li>Regulamin wchodzi w \u017cycie z dniem jego opublikowania w Serwisie.<\/li><\/ol>\n","protected":false},"excerpt":{"rendered":"<p>I. DEFINICJE U\u017cyte w niniejszym Regulaminie okre\u015blenia posiadaj\u0105 nast\u0119puj\u0105ce znaczenia: Aplikacja \u2013 program przeznaczony na urz\u0105dzenia mobilne z systemem operacyjnym Android i IOS, stanowi\u0105cy utw\u00f3r w rozumieniu ustawy z dnia 4 lutego 1994 r. o prawie autorskim i prawach pokrewnych (t.j. Dz. U. 2006 r. Nr 90, poz. 631, z p\u00f3\u017an. zm.) Konto \u2013 dost\u0119pne [&hellip;]<\/p>\n","protected":false},"author":1,"featured_media":0,"parent":0,"menu_order":0,"comment_status":"closed","ping_status":"open","template":"page-templates\/page-content-left-right.php","meta":{"footnotes":""},"class_list":["post-3","page","type-page","status-publish","hentry","clearfix"],"_links":{"self":[{"href":"https:\/\/molecular.com.pl\/index.php?rest_route=\/wp\/v2\/pages\/3","targetHints":{"allow":["GET"]}}],"collection":[{"href":"https:\/\/molecular.com.pl\/index.php?rest_route=\/wp\/v2\/pages"}],"about":[{"href":"https:\/\/molecular.com.pl\/index.php?rest_route=\/wp\/v2\/types\/page"}],"author":[{"embeddable":true,"href":"https:\/\/molecular.com.pl\/index.php?rest_route=\/wp\/v2\/users\/1"}],"replies":[{"embeddable":true,"href":"https:\/\/molecular.com.pl\/index.php?rest_route=%2Fwp%2Fv2%2Fcomments&post=3"}],"version-history":[{"count":4,"href":"https:\/\/molecular.com.pl\/index.php?rest_route=\/wp\/v2\/pages\/3\/revisions"}],"predecessor-version":[{"id":3110,"href":"https:\/\/molecular.com.pl\/index.php?rest_route=\/wp\/v2\/pages\/3\/revisions\/3110"}],"wp:attachment":[{"href":"https:\/\/molecular.com.pl\/index.php?rest_route=%2Fwp%2Fv2%2Fmedia&parent=3"}],"curies":[{"name":"wp","href":"https:\/\/api.w.org\/{rel}","templated":true}]}}